{"id":3846,"date":"2020-02-05T14:42:03","date_gmt":"2020-02-05T13:42:03","guid":{"rendered":"http:\/\/www.delphi-diagnostyka.pl\/?page_id=3846"},"modified":"2023-01-31T17:58:56","modified_gmt":"2023-01-31T16:58:56","slug":"hot-line-techniczny","status":"publish","type":"page","link":"https:\/\/www.delphi-diagnostyka.pl\/index.php\/homepage\/wsparcie-techniczne-2\/hot-line-techniczny\/","title":{"rendered":"Hot-Line Techniczny"},"content":{"rendered":"\t\t<div data-elementor-type=\"wp-page\" data-elementor-id=\"3846\" class=\"elementor elementor-3846\" data-elementor-settings=\"[]\">\n\t\t\t\t\t\t<div class=\"elementor-inner\">\n\t\t\t\t\t\t\t<div class=\"elementor-section-wrap\">\n\t\t\t\t\t\t\t<section class=\"elementor-section elementor-top-section elementor-element elementor-element-6f37d97 elementor-section-boxed elementor-section-height-default elementor-section-height-default\" data-id=\"6f37d97\" data-element_type=\"section\" data-settings=\"{&quot;_ha_eqh_enable&quot;:false}\">\n\t\t\t\t\t\t<div class=\"elementor-container elementor-column-gap-default\">\n\t\t\t\t\t\t\t<div class=\"elementor-row\">\n\t\t\t\t\t<div class=\"elementor-column elementor-col-100 elementor-top-column elementor-element elementor-element-d9e09cc\" data-id=\"d9e09cc\" data-element_type=\"column\">\n\t\t\t<div class=\"elementor-column-wrap elementor-element-populated\">\n\t\t\t\t\t\t\t<div class=\"elementor-widget-wrap\">\n\t\t\t\t\t\t<div class=\"elementor-element elementor-element-7a4f819 elementor-widget elementor-widget-heading\" data-id=\"7a4f819\" data-element_type=\"widget\" data-widget_type=\"heading.default\">\n\t\t\t\t<div class=\"elementor-widget-container\">\n\t\t\t<h2 class=\"elementor-heading-title elementor-size-default\">Hot-Line Techniczny.<\/h2>\t\t<\/div>\n\t\t\t\t<\/div>\n\t\t\t\t<section class=\"elementor-section elementor-inner-section elementor-element elementor-element-853260a elementor-section-boxed elementor-section-height-default elementor-section-height-default\" data-id=\"853260a\" data-element_type=\"section\" data-settings=\"{&quot;_ha_eqh_enable&quot;:false}\">\n\t\t\t\t\t\t<div class=\"elementor-container elementor-column-gap-default\">\n\t\t\t\t\t\t\t<div class=\"elementor-row\">\n\t\t\t\t\t<div class=\"elementor-column elementor-col-50 elementor-inner-column elementor-element elementor-element-6b3385b\" data-id=\"6b3385b\" data-element_type=\"column\">\n\t\t\t<div class=\"elementor-column-wrap elementor-element-populated\">\n\t\t\t\t\t\t\t<div class=\"elementor-widget-wrap\">\n\t\t\t\t\t\t<div class=\"elementor-element elementor-element-f835be0 elementor-widget elementor-widget-text-editor\" data-id=\"f835be0\" data-element_type=\"widget\" data-widget_type=\"text-editor.default\">\n\t\t\t\t<div class=\"elementor-widget-container\">\n\t\t\t\t\t\t\t\t<div class=\"elementor-text-editor elementor-clearfix\">\n\t\t\t\t<div><p><span style=\"color: #000000;\"><strong><span style=\"font-family: Georgia, Palatino; font-size: 12pt;\">Je\u015bli posiadasz aktywn\u0105 licencj\u0119 Car Max lub Truck i potrzebujesz wsparcia przy diagnostyce pojazdu skontaktuj si\u0119 z Hot-Line Technicznym.<\/span><\/strong><\/span><\/p><p><span style=\"font-size: 12pt;\"><strong>Tel: <\/strong><strong>+48 221 044 237<\/strong><\/span><\/p><p><span style=\"font-size: 12pt;\"><strong>Pon-pt w godzinach: 8:00-16:00<\/strong><\/span><\/p><p><strong>Zakres pomocy technicznej obejmuje wsparcie telefoniczne lub on-line w zakresie:<\/strong><\/p><p>\u2022 Samochody osobowe oraz ci\u0119\u017carowe<br \/>\u2022 Elektronika w tym systemy bezpiecze\u0144stwa AIRBAG, ESP, ASR, ABS i inne<br \/>\u2022 Uk\u0142ady klimatyzacji<br \/>\u2022 Systemy zasilania silnik\u00f3w diesla oraz benzynowych, uk\u0142ady CR, SCR, AD Blue<br \/>\u2022 Sieci transmisji danych<br \/>\u2022 Diagnostyka komputerowa \u2013 interpretacja wynik\u00f3w<\/p><\/div>\t\t\t\t\t<\/div>\n\t\t\t\t\t\t<\/div>\n\t\t\t\t<\/div>\n\t\t\t\t\t\t<\/div>\n\t\t\t\t\t<\/div>\n\t\t<\/div>\n\t\t\t\t<div class=\"elementor-column elementor-col-50 elementor-inner-column elementor-element elementor-element-93edf4f\" data-id=\"93edf4f\" data-element_type=\"column\">\n\t\t\t<div class=\"elementor-column-wrap elementor-element-populated\">\n\t\t\t\t\t\t\t<div class=\"elementor-widget-wrap\">\n\t\t\t\t\t\t<div class=\"elementor-element elementor-element-e53cd71 elementor-widget elementor-widget-image\" data-id=\"e53cd71\" data-element_type=\"widget\" data-widget_type=\"image.default\">\n\t\t\t\t<div class=\"elementor-widget-container\">\n\t\t\t\t\t\t\t\t<div class=\"elementor-image\">\n\t\t\t\t\t\t\t\t\t\t\t\t<img decoding=\"async\" width=\"636\" height=\"353\" src=\"https:\/\/www.delphi-diagnostyka.pl\/index.php\/testery-diagnostyczne\/do-pobrania\/wp-content\/uploads\/2020\/02\/Obraz7.png\" class=\"attachment-full size-full\" alt=\"\" loading=\"lazy\" srcset=\"https:\/\/www.delphi-diagnostyka.pl\/index.php\/testery-diagnostyczne\/do-pobrania\/wp-content\/uploads\/2020\/02\/Obraz7.png 636w, https:\/\/www.delphi-diagnostyka.pl\/index.php\/testery-diagnostyczne\/do-pobrania\/wp-content\/uploads\/2020\/02\/Obraz7-300x167.png 300w\" sizes=\"(max-width: 636px) 100vw, 636px\" \/>\t\t\t\t\t\t\t\t\t\t\t\t\t\t<\/div>\n\t\t\t\t\t\t<\/div>\n\t\t\t\t<\/div>\n\t\t\t\t\t\t<\/div>\n\t\t\t\t\t<\/div>\n\t\t<\/div>\n\t\t\t\t\t\t\t\t<\/div>\n\t\t\t\t\t<\/div>\n\t\t<\/section>\n\t\t\t\t\t\t<\/div>\n\t\t\t\t\t<\/div>\n\t\t<\/div>\n\t\t\t\t\t\t\t\t<\/div>\n\t\t\t\t\t<\/div>\n\t\t<\/section>\n\t\t\t\t<section class=\"elementor-section elementor-top-section elementor-element elementor-element-e28e6ad elementor-section-boxed elementor-section-height-default elementor-section-height-default\" data-id=\"e28e6ad\" data-element_type=\"section\" data-settings=\"{&quot;_ha_eqh_enable&quot;:false}\">\n\t\t\t\t\t\t<div class=\"elementor-container elementor-column-gap-default\">\n\t\t\t\t\t\t\t<div class=\"elementor-row\">\n\t\t\t\t\t<div class=\"elementor-column elementor-col-100 elementor-top-column elementor-element elementor-element-fcc605e\" data-id=\"fcc605e\" data-element_type=\"column\">\n\t\t\t<div class=\"elementor-column-wrap elementor-element-populated\">\n\t\t\t\t\t\t\t<div class=\"elementor-widget-wrap\">\n\t\t\t\t\t\t<div class=\"elementor-element elementor-element-acceeea elementor-widget elementor-widget-text-editor\" data-id=\"acceeea\" data-element_type=\"widget\" data-widget_type=\"text-editor.default\">\n\t\t\t\t<div class=\"elementor-widget-container\">\n\t\t\t\t\t\t\t\t<div class=\"elementor-text-editor elementor-clearfix\">\n\t\t\t\t<div><div><div><h1>Hot-Line Techniczny &#8211; porada\u00a0p\u0142atna<\/h1><h6><span style=\"font-size: 12pt;\">Dla u\u017cytkownik\u00f3w bez aktywnej licencji oprogramowania Diagnostycznego Delphi<\/span><\/h6><\/div><\/div><\/div>\t\t\t\t\t<\/div>\n\t\t\t\t\t\t<\/div>\n\t\t\t\t<\/div>\n\t\t\t\t\t\t<\/div>\n\t\t\t\t\t<\/div>\n\t\t<\/div>\n\t\t\t\t\t\t\t\t<\/div>\n\t\t\t\t\t<\/div>\n\t\t<\/section>\n\t\t\t\t<section class=\"elementor-section elementor-top-section elementor-element elementor-element-eff6a4a elementor-section-boxed elementor-section-height-default elementor-section-height-default\" data-id=\"eff6a4a\" data-element_type=\"section\" data-settings=\"{&quot;_ha_eqh_enable&quot;:false}\">\n\t\t\t\t\t\t<div class=\"elementor-container elementor-column-gap-default\">\n\t\t\t\t\t\t\t<div class=\"elementor-row\">\n\t\t\t\t\t<div class=\"elementor-column elementor-col-100 elementor-top-column elementor-element elementor-element-5ce0f7d\" data-id=\"5ce0f7d\" data-element_type=\"column\">\n\t\t\t<div class=\"elementor-column-wrap elementor-element-populated\">\n\t\t\t\t\t\t\t<div class=\"elementor-widget-wrap\">\n\t\t\t\t\t\t<div class=\"elementor-element elementor-element-d66bf96 elementor-align-left elementor-widget elementor-widget-button\" data-id=\"d66bf96\" data-element_type=\"widget\" data-widget_type=\"button.default\">\n\t\t\t\t<div class=\"elementor-widget-container\">\n\t\t\t\t\t<div class=\"elementor-button-wrapper\">\n\t\t\t<a href=\"https:\/\/ekspertyzy-szkolenia.pl\/ext\/delphi-technologies\/porada-hotline\/\" class=\"elementor-button-link elementor-button elementor-size-sm\" role=\"button\">\n\t\t\t\t\t\t<span class=\"elementor-button-content-wrapper\">\n\t\t\t\t\t\t<span class=\"elementor-button-text\">Formularz zam\u00f3wienia porady p\u0142atnej<\/span>\n\t\t<\/span>\n\t\t\t\t\t<\/a>\n\t\t<\/div>\n\t\t\t\t<\/div>\n\t\t\t\t<\/div>\n\t\t\t\t\t\t<\/div>\n\t\t\t\t\t<\/div>\n\t\t<\/div>\n\t\t\t\t\t\t\t\t<\/div>\n\t\t\t\t\t<\/div>\n\t\t<\/section>\n\t\t\t\t\t\t<\/div>\n\t\t\t\t\t\t<\/div>\n\t\t\t\t\t<\/div>\n\t\t","protected":false},"excerpt":{"rendered":"<p>Hot-Line Techniczny. Je\u015bli posiadasz aktywn\u0105 licencj\u0119 Car Max lub Truck i potrzebujesz wsparcia przy diagnostyce pojazdu skontaktuj si\u0119 z Hot-Line Technicznym. Tel: +48 221 044 237 Pon-pt w godzinach: 8:00-16:00 Zakres pomocy technicznej obejmuje wsparcie telefoniczne lub on-line w zakresie: \u2022 Samochody osobowe oraz ci\u0119\u017carowe\u2022 Elektronika w tym systemy bezpiecze\u0144stwa AIRBAG, ESP, ASR, ABS i [&hellip;]<\/p>\n","protected":false},"author":4,"featured_media":0,"parent":3449,"menu_order":0,"comment_status":"closed","ping_status":"closed","template":"","meta":{"_mi_skip_tracking":false},"yoast_head":"<!-- This site is optimized with the Yoast SEO plugin v18.3 - https:\/\/yoast.com\/wordpress\/plugins\/seo\/ -->\n<title>Hot-Line Techniczny - Diagnostyka Delphi<\/title>\n<meta name=\"robots\" content=\"index, follow, max-snippet:-1, max-image-preview:large, max-video-preview:-1\" \/>\n<link rel=\"canonical\" href=\"https:\/\/www.delphi-diagnostyka.pl\/index.php\/homepage\/wsparcie-techniczne-2\/hot-line-techniczny\/\" \/>\n<meta property=\"og:locale\" content=\"pl_PL\" \/>\n<meta property=\"og:type\" content=\"article\" \/>\n<meta property=\"og:title\" content=\"Hot-Line Techniczny - Diagnostyka Delphi\" \/>\n<meta property=\"og:description\" content=\"Hot-Line Techniczny. Je\u015bli posiadasz aktywn\u0105 licencj\u0119 Car Max lub Truck i potrzebujesz wsparcia przy diagnostyce pojazdu skontaktuj si\u0119 z Hot-Line Technicznym. Tel: +48 221 044 237 Pon-pt w godzinach: 8:00-16:00 Zakres pomocy technicznej obejmuje wsparcie telefoniczne lub on-line w zakresie: \u2022 Samochody osobowe oraz ci\u0119\u017carowe\u2022 Elektronika w tym systemy bezpiecze\u0144stwa AIRBAG, ESP, ASR, ABS i [&hellip;]\" \/>\n<meta property=\"og:url\" content=\"https:\/\/www.delphi-diagnostyka.pl\/index.php\/homepage\/wsparcie-techniczne-2\/hot-line-techniczny\/\" \/>\n<meta property=\"og:site_name\" content=\"Diagnostyka Delphi\" \/>\n<meta property=\"article:modified_time\" content=\"2023-01-31T16:58:56+00:00\" \/>\n<meta property=\"og:image\" content=\"https:\/\/www.delphi-diagnostyka.pl\/wp-content\/uploads\/2020\/02\/Obraz7.png\" \/>\n<meta name=\"twitter:card\" content=\"summary_large_image\" \/>\n<meta name=\"twitter:label1\" content=\"Szacowany czas czytania\" \/>\n\t<meta name=\"twitter:data1\" content=\"1 minuta\" \/>\n<script type=\"application\/ld+json\" class=\"yoast-schema-graph\">{\"@context\":\"https:\/\/schema.org\",\"@graph\":[{\"@type\":\"WebSite\",\"@id\":\"https:\/\/www.delphi-diagnostyka.pl\/#website\",\"url\":\"https:\/\/www.delphi-diagnostyka.pl\/\",\"name\":\"Diagnostyka Delphi\",\"description\":\"\",\"potentialAction\":[{\"@type\":\"SearchAction\",\"target\":{\"@type\":\"EntryPoint\",\"urlTemplate\":\"https:\/\/www.delphi-diagnostyka.pl\/?s={search_term_string}\"},\"query-input\":\"required name=search_term_string\"}],\"inLanguage\":\"pl-PL\"},{\"@type\":\"ImageObject\",\"@id\":\"https:\/\/www.delphi-diagnostyka.pl\/index.php\/homepage\/wsparcie-techniczne-2\/hot-line-techniczny\/#primaryimage\",\"inLanguage\":\"pl-PL\",\"url\":\"https:\/\/www.delphi-diagnostyka.pl\/wp-content\/uploads\/2020\/02\/Obraz7.png\",\"contentUrl\":\"https:\/\/www.delphi-diagnostyka.pl\/wp-content\/uploads\/2020\/02\/Obraz7.png\"},{\"@type\":\"WebPage\",\"@id\":\"https:\/\/www.delphi-diagnostyka.pl\/index.php\/homepage\/wsparcie-techniczne-2\/hot-line-techniczny\/#webpage\",\"url\":\"https:\/\/www.delphi-diagnostyka.pl\/index.php\/homepage\/wsparcie-techniczne-2\/hot-line-techniczny\/\",\"name\":\"Hot-Line Techniczny - Diagnostyka Delphi\",\"isPartOf\":{\"@id\":\"https:\/\/www.delphi-diagnostyka.pl\/#website\"},\"primaryImageOfPage\":{\"@id\":\"https:\/\/www.delphi-diagnostyka.pl\/index.php\/homepage\/wsparcie-techniczne-2\/hot-line-techniczny\/#primaryimage\"},\"datePublished\":\"2020-02-05T13:42:03+00:00\",\"dateModified\":\"2023-01-31T16:58:56+00:00\",\"breadcrumb\":{\"@id\":\"https:\/\/www.delphi-diagnostyka.pl\/index.php\/homepage\/wsparcie-techniczne-2\/hot-line-techniczny\/#breadcrumb\"},\"inLanguage\":\"pl-PL\",\"potentialAction\":[{\"@type\":\"ReadAction\",\"target\":[\"https:\/\/www.delphi-diagnostyka.pl\/index.php\/homepage\/wsparcie-techniczne-2\/hot-line-techniczny\/\"]}]},{\"@type\":\"BreadcrumbList\",\"@id\":\"https:\/\/www.delphi-diagnostyka.pl\/index.php\/homepage\/wsparcie-techniczne-2\/hot-line-techniczny\/#breadcrumb\",\"itemListElement\":[{\"@type\":\"ListItem\",\"position\":1,\"name\":\"Strona g\u0142\u00f3wna\",\"item\":\"https:\/\/www.delphi-diagnostyka.pl\/\"},{\"@type\":\"ListItem\",\"position\":2,\"name\":\"Home Page\",\"item\":\"https:\/\/www.delphi-diagnostyka.pl\/\"},{\"@type\":\"ListItem\",\"position\":3,\"name\":\"Wsparcie techniczne\",\"item\":\"https:\/\/www.delphi-diagnostyka.pl\/index.php\/homepage\/wsparcie-techniczne-2\/\"},{\"@type\":\"ListItem\",\"position\":4,\"name\":\"Hot-Line Techniczny\"}]}]}<\/script>\n<!-- \/ Yoast SEO plugin. -->","yoast_head_json":{"title":"Hot-Line Techniczny - Diagnostyka Delphi","robots":{"index":"index","follow":"follow","max-snippet":"max-snippet:-1","max-image-preview":"max-image-preview:large","max-video-preview":"max-video-preview:-1"},"canonical":"https:\/\/www.delphi-diagnostyka.pl\/index.php\/homepage\/wsparcie-techniczne-2\/hot-line-techniczny\/","og_locale":"pl_PL","og_type":"article","og_title":"Hot-Line Techniczny - Diagnostyka Delphi","og_description":"Hot-Line Techniczny. Je\u015bli posiadasz aktywn\u0105 licencj\u0119 Car Max lub Truck i potrzebujesz wsparcia przy diagnostyce pojazdu skontaktuj si\u0119 z Hot-Line Technicznym. Tel: +48 221 044 237 Pon-pt w godzinach: 8:00-16:00 Zakres pomocy technicznej obejmuje wsparcie telefoniczne lub on-line w zakresie: \u2022 Samochody osobowe oraz ci\u0119\u017carowe\u2022 Elektronika w tym systemy bezpiecze\u0144stwa AIRBAG, ESP, ASR, ABS i [&hellip;]","og_url":"https:\/\/www.delphi-diagnostyka.pl\/index.php\/homepage\/wsparcie-techniczne-2\/hot-line-techniczny\/","og_site_name":"Diagnostyka Delphi","article_modified_time":"2023-01-31T16:58:56+00:00","og_image":[{"url":"https:\/\/www.delphi-diagnostyka.pl\/wp-content\/uploads\/2020\/02\/Obraz7.png"}],"twitter_card":"summary_large_image","twitter_misc":{"Szacowany czas czytania":"1 minuta"},"schema":{"@context":"https:\/\/schema.org","@graph":[{"@type":"WebSite","@id":"https:\/\/www.delphi-diagnostyka.pl\/#website","url":"https:\/\/www.delphi-diagnostyka.pl\/","name":"Diagnostyka Delphi","description":"","potentialAction":[{"@type":"SearchAction","target":{"@type":"EntryPoint","urlTemplate":"https:\/\/www.delphi-diagnostyka.pl\/?s={search_term_string}"},"query-input":"required name=search_term_string"}],"inLanguage":"pl-PL"},{"@type":"ImageObject","@id":"https:\/\/www.delphi-diagnostyka.pl\/index.php\/homepage\/wsparcie-techniczne-2\/hot-line-techniczny\/#primaryimage","inLanguage":"pl-PL","url":"https:\/\/www.delphi-diagnostyka.pl\/wp-content\/uploads\/2020\/02\/Obraz7.png","contentUrl":"https:\/\/www.delphi-diagnostyka.pl\/wp-content\/uploads\/2020\/02\/Obraz7.png"},{"@type":"WebPage","@id":"https:\/\/www.delphi-diagnostyka.pl\/index.php\/homepage\/wsparcie-techniczne-2\/hot-line-techniczny\/#webpage","url":"https:\/\/www.delphi-diagnostyka.pl\/index.php\/homepage\/wsparcie-techniczne-2\/hot-line-techniczny\/","name":"Hot-Line Techniczny - Diagnostyka Delphi","isPartOf":{"@id":"https:\/\/www.delphi-diagnostyka.pl\/#website"},"primaryImageOfPage":{"@id":"https:\/\/www.delphi-diagnostyka.pl\/index.php\/homepage\/wsparcie-techniczne-2\/hot-line-techniczny\/#primaryimage"},"datePublished":"2020-02-05T13:42:03+00:00","dateModified":"2023-01-31T16:58:56+00:00","breadcrumb":{"@id":"https:\/\/www.delphi-diagnostyka.pl\/index.php\/homepage\/wsparcie-techniczne-2\/hot-line-techniczny\/#breadcrumb"},"inLanguage":"pl-PL","potentialAction":[{"@type":"ReadAction","target":["https:\/\/www.delphi-diagnostyka.pl\/index.php\/homepage\/wsparcie-techniczne-2\/hot-line-techniczny\/"]}]},{"@type":"BreadcrumbList","@id":"https:\/\/www.delphi-diagnostyka.pl\/index.php\/homepage\/wsparcie-techniczne-2\/hot-line-techniczny\/#breadcrumb","itemListElement":[{"@type":"ListItem","position":1,"name":"Strona g\u0142\u00f3wna","item":"https:\/\/www.delphi-diagnostyka.pl\/"},{"@type":"ListItem","position":2,"name":"Home Page","item":"https:\/\/www.delphi-diagnostyka.pl\/"},{"@type":"ListItem","position":3,"name":"Wsparcie techniczne","item":"https:\/\/www.delphi-diagnostyka.pl\/index.php\/homepage\/wsparcie-techniczne-2\/"},{"@type":"ListItem","position":4,"name":"Hot-Line Techniczny"}]}]}},"_links":{"self":[{"href":"https:\/\/www.delphi-diagnostyka.pl\/index.php\/wp-json\/wp\/v2\/pages\/3846"}],"collection":[{"href":"https:\/\/www.delphi-diagnostyka.pl\/index.php\/wp-json\/wp\/v2\/pages"}],"about":[{"href":"https:\/\/www.delphi-diagnostyka.pl\/index.php\/wp-json\/wp\/v2\/types\/page"}],"author":[{"embeddable":true,"href":"https:\/\/www.delphi-diagnostyka.pl\/index.php\/wp-json\/wp\/v2\/users\/4"}],"replies":[{"embeddable":true,"href":"https:\/\/www.delphi-diagnostyka.pl\/index.php\/wp-json\/wp\/v2\/comments?post=3846"}],"version-history":[{"count":42,"href":"https:\/\/www.delphi-diagnostyka.pl\/index.php\/wp-json\/wp\/v2\/pages\/3846\/revisions"}],"predecessor-version":[{"id":4915,"href":"https:\/\/www.delphi-diagnostyka.pl\/index.php\/wp-json\/wp\/v2\/pages\/3846\/revisions\/4915"}],"up":[{"embeddable":true,"href":"https:\/\/www.delphi-diagnostyka.pl\/index.php\/wp-json\/wp\/v2\/pages\/3449"}],"wp:attachment":[{"href":"https:\/\/www.delphi-diagnostyka.pl\/index.php\/wp-json\/wp\/v2\/media?parent=3846"}],"curies":[{"name":"wp","href":"https:\/\/api.w.org\/{rel}","templated":true}]}}